{"id":3,"date":"2025-10-27T14:09:48","date_gmt":"2025-10-27T13:09:48","guid":{"rendered":"http:\/\/caparo.mtl-leipzig.de\/?page_id=3"},"modified":"2026-03-15T08:54:18","modified_gmt":"2026-03-15T07:54:18","slug":"datenschutzerklaerung","status":"publish","type":"page","link":"https:\/\/caparo.mtl-leipzig.de\/?page_id=3","title":{"rendered":"Datenschutzerkl\u00e4rung"},"content":{"rendered":"<div class=\"brz brz-root__container brz-reset-all brz-root__container-page\">\n<section id=\"pSespcfzgq0W_pSespcfzgq0W\" class=\"brz-section brz-css-d-section brz-css-1gokkxc\">\n<div class=\"brz-section__content brz-section--boxed brz-css-d-sectionitem-bg brz-css-roisow\" data-brz-custom-id=\"tAlkT13hyP6U\">\n<div class=\"brz-container brz-css-d-sectionitem-container brz-css-1maevot\">\n<div id=\"\" class=\"brz-css-d-wrapper brz-css-1oqpgsm brz-wrapper\">\n<div class=\"brz-rich-text brz-rich-text__custom brz-css-d-richtext brz-css-bc7ctv\" data-brz-custom-id=\"dzs_uAa884UZ\">\n<div data-brz-translate-text=\"1\">\n<h1 class=\"brz-fsft-xs-0 brz-fwdth-xs-100 brz-vfw-xs-400 brz-lh-xs-1_1 brz-ls-xs-0 brz-fw-xs-400 brz-fss-xs-px brz-fs-xs-38 brz-fsft-sm-0 brz-fwdth-sm-100 brz-vfw-sm-400 brz-lh-sm-1_3 brz-ls-sm-0 brz-fw-sm-400 brz-fss-sm-px brz-fs-sm-55 brz-fsft-lg-0 brz-fwdth-lg-100 brz-vfw-lg-400 brz-lh-lg-1_3 brz-ls-lg-0 brz-fw-lg-400 brz-fss-lg-px brz-fs-lg-70 brz-ft-upload brz-ff-zeoti8EevE7U brz-tp-lg-heading1 brz-tp-sm-heading1 brz-tp-xs-heading2 brz-css-zEPia\" data-uniq-id=\"kB9XT\" data-generated-css=\"brz-css-yMdqR\"><span class=\"brz-cp-color3\">Datenschutzerkl\u00e4rung<\/span><\/h1>\n<\/div>\n<\/div>\n<\/div>\n<div id=\"\" class=\"brz-css-d-wrapper brz-css-1o54hwm brz-wrapper\">\n<div class=\"brz-rich-text brz-rich-text__custom brz-css-d-richtext brz-css-1orcxgn\" data-brz-custom-id=\"ehHk_XWcbVhc\">\n<div data-brz-translate-text=\"1\">\n<p class=\"brz-tp-lg-paragraph brz-css-ywYUS\" data-generated-css=\"brz-css-q7j2w\" data-uniq-id=\"zzaHm\"><span class=\"brz-cp-color7\">Inhalt folgt.<\/span><\/p>\n<p class=\"brz-tp-lg-paragraph brz-css-xf6yJ\" data-generated-css=\"brz-css-q7j2w\" data-uniq-id=\"zzaHm\"><span class=\"brz-cp-color7\"> <\/span><\/p>\n<p class=\"brz-tp-lg-paragraph brz-css-r4MLZ\" data-generated-css=\"brz-css-q7j2w\" data-uniq-id=\"zzaHm\"><span class=\"brz-cp-color7\"> <\/span><\/p>\n<p class=\"brz-tp-lg-paragraph brz-css-f6akD\" data-generated-css=\"brz-css-q7j2w\" data-uniq-id=\"zzaHm\"><span class=\"brz-cp-color7\"> <\/span><\/p>\n<p class=\"brz-tp-lg-paragraph brz-css-vcurA\" data-generated-css=\"brz-css-mWy07\" data-uniq-id=\"yO0T6\"><span class=\"brz-cp-color7\"> <\/span><\/p>\n<h4 data-generated-css=\"brz-css-i5KHE\" data-uniq-id=\"gVy95\" class=\"brz-tp-lg-heading4 brz-css-jM3jV\"><span class=\"brz-cp-color3\">Cookies<\/span><\/h4>\n<p class=\"brz-tp-lg-paragraph brz-css-mNZXf\" data-generated-css=\"brz-css-w0sUj\" data-uniq-id=\"eCX3d\"><span class=\"brz-cp-color7\">Unsere Internetseiten verwenden so genannte \u201eCookies\u201c. Cookies sind kleine Datenpakete und richten auf Ihrem Endger\u00e4t keinen Schaden an. Sie werden entweder vor\u00fcbergehend f\u00fcr die Dauer einer Sitzung (Session-Cookies) oder dauerhaft (permanente Cookies) auf Ihrem Endger\u00e4t gespeichert. Session-Cookies werden nach Ende Ihres Besuchs automatisch gel\u00f6scht. Permanente Cookies bleiben auf Ihrem Endger\u00e4t gespeichert, bis Sie diese selbst l\u00f6schen oder eine automatische L\u00f6schung durch Ihren Webbrowser erfolgt.<\/span><\/p>\n<p class=\"brz-tp-lg-paragraph brz-css-tSglm\" data-generated-css=\"brz-css-w0sUj\" data-uniq-id=\"eCX3d\"><span class=\"brz-cp-color7\"> <\/span><\/p>\n<p class=\"brz-tp-lg-paragraph brz-css-voV3M\" data-generated-css=\"brz-css-pm2TV\" data-uniq-id=\"vC8IP\"><span class=\"brz-cp-color7\">Cookies k\u00f6nnen von uns (First-Party-Cookies) oder von Drittunternehmen stammen (sog. Third-Party-Cookies). Third-Party-Cookies erm\u00f6glichen die Einbindung bestimmter Dienstleistungen von Drittunternehmen innerhalb von Webseiten (z. B. Cookies zur Abwicklung von Zahlungsdienstleistungen).<\/span><\/p>\n<p class=\"brz-tp-lg-paragraph brz-css-mjAXd\" data-generated-css=\"brz-css-pm2TV\" data-uniq-id=\"vC8IP\"><span class=\"brz-cp-color7\"> <\/span><\/p>\n<p class=\"brz-tp-lg-paragraph brz-css-ikQcd\" data-generated-css=\"brz-css-yvdcT\" data-uniq-id=\"hhUGW\"><span class=\"brz-cp-color7\">Cookies haben verschiedene Funktionen. Zahlreiche Cookies sind technisch notwendig, da bestimmte Webseitenfunktionen ohne diese nicht funktionieren w\u00fcrden (z. B. die Warenkorbfunktion oder die Anzeige von Videos). Andere Cookies k\u00f6nnen zur Auswertung des Nutzerverhaltens oder zu Werbezwecken verwendet werden.<\/span><\/p>\n<p class=\"brz-tp-lg-paragraph brz-css-bFV1c\" data-generated-css=\"brz-css-yvdcT\" data-uniq-id=\"hhUGW\"><span class=\"brz-cp-color7\"> <\/span><\/p>\n<p class=\"brz-tp-lg-paragraph brz-css-vknqW\" data-generated-css=\"brz-css-mS7NH\" data-uniq-id=\"tOU4E\"><span class=\"brz-cp-color7\">Cookies, die zur Durchf\u00fchrung des elektronischen Kommunikationsvorgangs, zur Bereitstellung bestimmter, von Ihnen erw\u00fcnschter Funktionen (z. B. f\u00fcr die Warenkorbfunktion) oder zur Optimierung der Website (z. B. Cookies zur Messung des Webpublikums) erforderlich sind (notwendige Cookies), werden auf Grundlage von Art. 6 Abs. 1 lit. f DSGVO gespeichert, sofern keine andere Rechtsgrundlage angegeben wird. Der Websitebetreiber hat ein berechtigtes Interesse an der Speicherung von notwendigen Cookies zur technisch fehlerfreien und optimierten Bereitstellung seiner Dienste. Sofern eine Einwilligung zur Speicherung von Cookies und vergleichbaren Wiedererkennungstechnologien abgefragt wurde, erfolgt die Verarbeitung ausschlie\u00dflich auf Grundlage dieser Einwilligung (Art. 6 Abs. 1 lit. a DSGVO und \u00a7 25 Abs. 1 TDDDG); die Einwilligung ist jederzeit widerrufbar.<\/span><\/p>\n<p class=\"brz-tp-lg-paragraph brz-css-jXzwK\" data-generated-css=\"brz-css-mS7NH\" data-uniq-id=\"tOU4E\"><span class=\"brz-cp-color7\"> <\/span><\/p>\n<p class=\"brz-tp-lg-paragraph brz-css-fMsoB\" data-generated-css=\"brz-css-nsHK8\" data-uniq-id=\"gF5Yx\"><span class=\"brz-cp-color7\">Sie k\u00f6nnen Ihren Browser so einstellen, dass Sie \u00fcber das Setzen von Cookies informiert werden und Cookies nur im Einzelfall erlauben, die Annahme von Cookies f\u00fcr bestimmte F\u00e4lle oder generell ausschlie\u00dfen sowie das automatische L\u00f6schen der Cookies beim Schlie\u00dfen des Browsers aktivieren. Bei der Deaktivierung von Cookies kann die Funktionalit\u00e4t dieser Website eingeschr\u00e4nkt sein.<\/span><\/p>\n<p class=\"brz-tp-lg-paragraph brz-css-rBdAX\" data-generated-css=\"brz-css-nsHK8\" data-uniq-id=\"gF5Yx\"><span class=\"brz-cp-color7\"> <\/span><\/p>\n<p class=\"brz-tp-lg-paragraph brz-css-ccqtS\" data-generated-css=\"brz-css-oVuZM\" data-uniq-id=\"kH8P6\"><span class=\"brz-cp-color7\">Welche Cookies und Dienste auf dieser Website eingesetzt werden, k\u00f6nnen Sie dieser Datenschutzerkl\u00e4rung entnehmen. <\/span><\/p>\n<p class=\"brz-tp-lg-paragraph brz-css-xw0If\" data-generated-css=\"brz-css-cWeSc\" data-uniq-id=\"fjsE2\"><span class=\"brz-cp-color7\"> <\/span><\/p>\n<h4 class=\"brz-tp-lg-heading4 brz-css-zLe4D\" data-generated-css=\"brz-css-oJp7o\" data-uniq-id=\"sYkLm\"><span class=\"brz-cp-color3\">Real Cookie Banner<\/span><span class=\"brz-cp-color7\"> <\/span><\/h4>\n<p class=\"brz-tp-lg-paragraph brz-css-e5ve7\" data-generated-css=\"brz-css-ihZol\" data-uniq-id=\"wxSwc\"><span class=\"brz-cp-color7\">Unsere Website nutzt die Consent-Technologie von Real Cookie Banner, um Ihre Einwilligung zur Speicherung bestimmter Cookies auf Ihrem Endger\u00e4t oder zum Einsatz bestimmter Technologien einzuholen und diese datenschutzkonform zu dokumentieren. Anbieter dieser Technologie ist devowl.io GmbH, Tannet 12, 94539 Grafling (im Folgenden \u201eReal Cookie Banner\u201c).<\/span><\/p>\n<p class=\"brz-tp-lg-paragraph brz-css-oNqdQ\" data-generated-css=\"brz-css-pkOwd\" data-uniq-id=\"ha2oc\"><span class=\"brz-cp-color7\"> <\/span><\/p>\n<p class=\"brz-tp-lg-paragraph brz-css-sFVZQ\" data-generated-css=\"brz-css-inqb5\" data-uniq-id=\"aEr41\"><span class=\"brz-cp-color7\">Real Cookie Banner ist lokal auf unseren Servern installiert, sodass keine Verbindung zu den Servern des Anbieters von Real Cookie Banner hergestellt wird. Real Cookie Banner speichert einen Cookie in Ihrem Browser, um Ihnen die erteilten Einwilligungen bzw. deren Widerruf zuordnen zu k\u00f6nnen. Die so erfassten Daten werden gespeichert, bis Sie uns zur L\u00f6schung auffordern, den Real Cookie Banner-Cookie selbst l\u00f6schen oder der Zweck f\u00fcr die Datenspeicherung entf\u00e4llt. Zwingende gesetzliche Aufbewahrungspflichten bleiben unber\u00fchrt.<\/span><\/p>\n<p class=\"brz-tp-lg-paragraph brz-css-xvwkF\" data-generated-css=\"brz-css-eMv7R\" data-uniq-id=\"foMsk\"><span class=\"brz-cp-color7\"> <\/span><\/p>\n<p class=\"brz-tp-lg-paragraph brz-css-nwa53\" data-generated-css=\"brz-css-otGKh\" data-uniq-id=\"vaXBK\"><span class=\"brz-cp-color7\">Der Einsatz von Real Cookie Banner erfolgt, um die gesetzlich vorgeschriebenen Einwilligungen f\u00fcr den Einsatz von Cookies einzuholen. Rechtsgrundlage hierf\u00fcr ist Art. 6 Abs. 1 lit. c DSGVO. <\/span><\/p>\n<p class=\"brz-tp-lg-paragraph brz-css-f_T9C\" data-generated-css=\"brz-css-xQhR_\" data-uniq-id=\"qN2mC\"><span class=\"brz-cp-color7\"> <\/span><\/p>\n<p class=\"brz-tp-lg-paragraph brz-css-wqL2x\" data-generated-css=\"brz-css-nWu1f\" data-uniq-id=\"xh_O7\"><span class=\"brz-cp-color7\"> <\/span><\/p>\n<h4 class=\"brz-tp-lg-heading4 brz-css-mm2u_\" data-generated-css=\"brz-css-erqLV\" data-uniq-id=\"qFTNt\"><span class=\"brz-cp-color3\">Adobe Fonts <\/span><\/h4>\n<p class=\"brz-tp-lg-paragraph brz-css-r2IDL\" data-generated-css=\"brz-css-zQOLp\" data-uniq-id=\"sSQWX\"><span class=\"brz-cp-color7\">Diese Website nutzt zur einheitlichen Darstellung bestimmter Schriftarten Web Fonts von Adobe. Anbieter ist die Adobe Systems Incorporated, 345 Park Avenue, San Jose, CA 95110-2704, USA (Adobe).<\/span><\/p>\n<p class=\"brz-tp-lg-paragraph brz-css-nEJ0E\" data-generated-css=\"brz-css-tf1gt\" data-uniq-id=\"hxsjo\"><\/p>\n<p class=\"brz-tp-lg-paragraph brz-css-fxtS9\" data-generated-css=\"brz-css-hsie4\" data-uniq-id=\"qCWjy\"><span class=\"brz-cp-color7\">Beim Aufruf dieser Website l\u00e4dt Ihr Browser die ben\u00f6tigten Schriftarten direkt von Adobe, um sie Ihrem Endger\u00e4t korrekt anzeigen zu k\u00f6nnen. Dabei stellt Ihr Browser eine Verbindung zu den Servern von Adobe in den USA her. Hierdurch erlangt Adobe Kenntnis dar\u00fcber, dass \u00fcber Ihre IP-Adresse diese Website aufgerufen wurde. Bei der Bereitstellung der Schriftarten werden nach Aussage von Adobe keine Cookies gespeichert.<\/span><\/p>\n<p class=\"brz-tp-lg-paragraph brz-css-zKr6_\" data-generated-css=\"brz-css-if6rQ\" data-uniq-id=\"re5d9\"><\/p>\n<p class=\"brz-tp-lg-paragraph brz-css-uBA9v\" data-generated-css=\"brz-css-sWBgL\" data-uniq-id=\"nnnE0\"><span class=\"brz-cp-color7\">Die Speicherung und Analyse der Daten erfolgt auf Grundlage von Art. 6 Abs. 1 lit. f DSGVO. Der Websitebetreiber hat ein berechtigtes Interesse an der einheitlichen Darstellung des Schriftbildes auf seiner Website. Sofern eine entsprechende Einwilligung abgefragt wurde, erfolgt die Verarbeitung ausschlie\u00dflich auf Grundlage von Art. 6 Abs. 1 lit. a DSGVO und \u00a7 25 Abs. 1 TDDDG, soweit die Einwilligung die Speicherung von Cookies oder den Zugriff auf Informationen im Endger\u00e4t des Nutzers (z. B. Device-Fingerprinting) im Sinne des TDDDG umfasst. Die Einwilligung ist jederzeit widerrufbar.<\/span><\/p>\n<p class=\"brz-tp-lg-paragraph brz-css-y9WsD\" data-generated-css=\"brz-css-wSfJR\" data-uniq-id=\"knlpP\"><\/p>\n<p class=\"brz-tp-lg-paragraph brz-css-capU0\" data-generated-css=\"brz-css-rjtst\" data-uniq-id=\"dnHP3\"><span class=\"brz-cp-color7\">Die Daten\u00fcbertragung in die USA wird auf die Standardvertragsklauseln der EU-Kommission gest\u00fctzt. Details finden Sie hier:<\/span><\/p>\n<p class=\"brz-tp-lg-paragraph brz-css-knXLd\" data-generated-css=\"brz-css-yoe7p\" data-uniq-id=\"zq7dQ\"><a class=\"link--external brz-cp-color7\" href=\"https:\/\/www.adobe.com\/de\/privacy\/eudatatransfers.html\" data-brz-link-type=\"external\">https:\/\/www.adobe.com\/de\/privacy\/eudatatransfers.html<\/a><span class=\"brz-cp-color7\">.<\/span><\/p>\n<p class=\"brz-tp-lg-paragraph brz-css-h0J05\" data-generated-css=\"brz-css-t8JbA\" data-uniq-id=\"vEeSc\"><span class=\"brz-cp-color7\"> <\/span><\/p>\n<p class=\"brz-tp-lg-paragraph brz-css-nErSp\" data-generated-css=\"brz-css-m4TTL\" data-uniq-id=\"wgq8A\"><span class=\"brz-cp-color7\">N\u00e4here Informationen zu Adobe Fonts erhalten Sie unter:<\/span><\/p>\n<p class=\"brz-tp-lg-paragraph brz-css-b8qRb\" data-generated-css=\"brz-css-kkYm0\" data-uniq-id=\"noKgt\"><a class=\"link--external brz-cp-color7\" href=\"https:\/\/www.adobe.com\/de\/privacy\/policies\/adobe-fonts.html\" data-brz-link-type=\"external\">https:\/\/www.adobe.com\/de\/privacy\/policies\/adobe-fonts.html<\/a><span class=\"brz-cp-color7\">.<\/span><\/p>\n<p class=\"brz-tp-lg-paragraph brz-css-dmucv\" data-generated-css=\"brz-css-hIFOz\" data-uniq-id=\"dOf4x\"><span class=\"brz-cp-color7\"> <\/span><\/p>\n<p class=\"brz-tp-lg-paragraph brz-css-pO2lC\" data-generated-css=\"brz-css-tggcl\" data-uniq-id=\"jjmVD\"><span class=\"brz-cp-color7\">Die Datenschutzerkl\u00e4rung von Adobe finden Sie unter:<\/span><\/p>\n<p class=\"brz-tp-lg-paragraph brz-css-h2XGQ\" data-generated-css=\"brz-css-yyUsq\" data-uniq-id=\"xCOR2\"><a class=\"link--external brz-cp-color7\" href=\"https:\/\/www.adobe.com\/de\/privacy\/policy.html\" data-brz-link-type=\"external\">https:\/\/www.adobe.com\/de\/privacy\/policy.html<\/a><\/p>\n<p class=\"brz-tp-lg-paragraph brz-css-cUy34\" data-generated-css=\"brz-css-vJE4W\" data-uniq-id=\"qECIW\"><a class=\"link--external brz-cp-color7\" href=\"https:\/\/www.adobe.com\/de\/privacy\/policy.html\" data-brz-link-type=\"external\"> <\/a><\/p>\n<p class=\"brz-tp-lg-paragraph brz-css-xX3O6\" data-generated-css=\"brz-css-e9fk9\" data-uniq-id=\"lrcn2\"><span class=\"brz-cp-color7\">Das Unternehmen verf\u00fcgt \u00fcber eine Zertifizierung nach dem \u201eEU-US Data Privacy Framework\u201c (DPF). Der DPF ist ein \u00dcbereinkommen zwischen der Europ\u00e4ischen Union und den USA, der die Einhaltung europ\u00e4ischer Datenschutzstandards bei Datenverarbeitungen in den USA gew\u00e4hrleisten soll. Jedes nach dem DPF zertifizierte Unternehmen verpflichtet sich, diese Datenschutzstandards einzuhalten. Weitere Informationen hierzu erhalten Sie vom Anbieter unter folgendem Link: <\/span><a class=\"link--external brz-cp-color7\" href=\"https:\/\/www.dataprivacyframework.gov\/participant\/5660\" data-brz-link-type=\"external\">https:\/\/www.dataprivacyframework.gov\/participant\/5660<\/a><span class=\"brz-cp-color7\">.<\/span><\/p>\n<p class=\"brz-tp-lg-paragraph brz-css-re4BD\" data-generated-css=\"brz-css-h7Pze\" data-uniq-id=\"dl_6e\"><span class=\"brz-cp-color7\"> <\/span><\/p>\n<\/div>\n<\/div>\n<\/div>\n<\/div>\n<\/div>\n<\/section><\/div>\n<p><!-- version:1764064376 --><\/p>\n","protected":false},"excerpt":{"rendered":"<p>Datenschutzerkl\u00e4rung Inhalt folgt. Cookies Unsere Internetseiten verwenden so genannte \u201eCookies\u201c. Cookies sind kleine Datenpakete und richten auf Ihrem Endger\u00e4t keinen Schaden an. Sie werden entweder vor\u00fcbergehend f\u00fcr die Dauer einer Sitzung (Session-Cookies) oder dauerhaft (permanente Cookies) auf Ihrem Endger\u00e4t gespeichert. Session-Cookies werden nach Ende Ihres Besuchs automatisch gel\u00f6scht. Permanente Cookies bleiben auf Ihrem Endger\u00e4t gespeichert, [&hellip;]<\/p>\n","protected":false},"author":1,"featured_media":0,"parent":0,"menu_order":0,"comment_status":"closed","ping_status":"open","template":"brizy-blank-template.php","meta":{"footnotes":""},"class_list":["post-3","page","type-page","status-publish","hentry","wpbf-post"],"brizy_media":[],"_links":{"self":[{"href":"https:\/\/caparo.mtl-leipzig.de\/index.php?rest_route=\/wp\/v2\/pages\/3","targetHints":{"allow":["GET"]}}],"collection":[{"href":"https:\/\/caparo.mtl-leipzig.de\/index.php?rest_route=\/wp\/v2\/pages"}],"about":[{"href":"https:\/\/caparo.mtl-leipzig.de\/index.php?rest_route=\/wp\/v2\/types\/page"}],"author":[{"embeddable":true,"href":"https:\/\/caparo.mtl-leipzig.de\/index.php?rest_route=\/wp\/v2\/users\/1"}],"replies":[{"embeddable":true,"href":"https:\/\/caparo.mtl-leipzig.de\/index.php?rest_route=%2Fwp%2Fv2%2Fcomments&post=3"}],"version-history":[{"count":19,"href":"https:\/\/caparo.mtl-leipzig.de\/index.php?rest_route=\/wp\/v2\/pages\/3\/revisions"}],"predecessor-version":[{"id":1006,"href":"https:\/\/caparo.mtl-leipzig.de\/index.php?rest_route=\/wp\/v2\/pages\/3\/revisions\/1006"}],"wp:attachment":[{"href":"https:\/\/caparo.mtl-leipzig.de\/index.php?rest_route=%2Fwp%2Fv2%2Fmedia&parent=3"}],"curies":[{"name":"wp","href":"https:\/\/api.w.org\/{rel}","templated":true}]}}